{"id":535,"date":"2020-10-08T15:34:58","date_gmt":"2020-10-08T13:34:58","guid":{"rendered":"http:\/\/dev.mb-consulting.de\/?page_id=535"},"modified":"2024-11-13T15:00:09","modified_gmt":"2024-11-13T14:00:09","slug":"imprint","status":"publish","type":"page","link":"https:\/\/mb-consulting.de\/en\/imprint\/","title":{"rendered":"Imprint"},"content":{"rendered":"\n<style type=\"text\/css\" data-created_by=\"avia_inline_auto\" id=\"style-css-av-106me-bec107685ab18d91b89f517993bf3f0c\">\n#top .av-special-heading.av-106me-bec107685ab18d91b89f517993bf3f0c{\npadding-bottom:18px;\ncolor:#a18f93;\n}\nbody .av-special-heading.av-106me-bec107685ab18d91b89f517993bf3f0c .av-special-heading-tag .heading-char{\nfont-size:25px;\n}\n.av-special-heading.av-106me-bec107685ab18d91b89f517993bf3f0c .special-heading-inner-border{\nborder-color:#a18f93;\n}\n.av-special-heading.av-106me-bec107685ab18d91b89f517993bf3f0c .av-subheading{\nfont-size:15px;\n}\n<\/style>\n<div  id=\"ueberuns\"  class='av-special-heading av-106me-bec107685ab18d91b89f517993bf3f0c av-special-heading-h1 custom-color-heading blockquote modern-quote  avia-builder-el-0  el_before_av_textblock  avia-builder-el-first  ueberuns'><h1 class='av-special-heading-tag '  itemprop=\"headline\"  >IMPRINT<\/h1><div class=\"special-heading-border\"><div class=\"special-heading-inner-border\"><\/div><\/div><\/div>\n<section  class='av_textblock_section av-kg0s8l3d-b5c7268175104523c44140ee5853bafe '   itemscope=\"itemscope\" itemtype=\"https:\/\/schema.org\/CreativeWork\" ><div class='avia_textblock'  itemprop=\"text\" ><p>Michaela B\u00fcrger Consulting<br \/>\nSeestra\u00dfe 33<br \/>\n83727 Schliersee<\/p>\n<p>+49 89 2154 103 \u2013 0<br \/>\n<a href=\"mailto:contact@mb-consulting.de\">contact@mb-consulting.de<\/a><br \/>\nwww.mb-consulting.de<\/p>\n<p>UST-Nr.ID: DE258702674<\/p>\n<p><strong>Liability for content<\/strong><\/p>\n<p>The contents of our pages were created with great care. However, we cannot accept any liability for the correctness, completeness or currency of the content.<\/p>\n<p>As a service provider we are in accordance with Section 7 (1) TMG is responsible for its own content on these pages according to general law. According to \u00a7\u00a7 8 to 10 TMG, as a service provider, we are not obliged to monitor transmitted or stored third-party information or to investigate circumstances that indicate illegal activity. Obligations to remove or block the use of information in accordance with general law remain unaffected. Liability in this regard is only possible from the point in time at which we become aware of a specific legal violation. As soon as we become aware of such legal violations, we will remove this content immediately.<\/p>\n<p><strong>Copyright<\/strong><\/p>\n<p>The content and works on these pages created by the website operator are subject to German copyright law. Third party contributions are marked as such. The reproduction, processing, distribution and any kind of exploitation outside the limits of copyright require the written consent of the respective author or creator. Downloads and copies of this website are only permitted for private, non-commercial use.<\/p>\n<p>The operators of the pages endeavor to always observe the copyrights of others or to use self-created and license-free works.<\/p>\n<p><strong>Legal Notice<\/strong><\/p>\n<p>Michaela B\u00fcrger Consulting constantly checks and updates the information on its website. Despite all care, the data may have changed. Liability or guarantee for the topicality, correctness and completeness of the information provided can therefore not be assumed. The same applies to all other websites to which reference is made via hyperlinks. Michaela B\u00fcrger Consulting is not responsible for the content of websites that can be accessed through such a link.<\/p>\n<p>The content, design and structure of the Michaela B\u00fcrger Consulting website are protected by copyright. The reproduction of information or data, in particular the use of texts, parts of texts or images, requires the prior consent of Michaela B\u00fcrger Consulting.<\/p>\n<p><strong>Privacy Policy<\/strong><\/p>\n<p>Michaela B\u00fcrger Consulting is committed to the responsible handling of your personal data and, in particular, to protecting and safeguarding your privacy. In principle, you can use our offer without disclosing your identity or personal data. For some content, however, we need personal data in order to pass on our service to you accordingly or to protect others from misuse. In addition to providing the relevant service, we will also use such personal data to improve our offer. Michaela B\u00fcrger Consulting will not sell your personal data to other companies or other organizations or otherwise pass them on to third parties for business purposes. If you provide us with personal data, we will take all reasonable technical and organizational measures to collect and store your data in a way that is protected from third parties. More on this in our p<a href=\"https:\/\/mb-consulting.de\/en\/privacy-policy\/\">rivacy policy<\/a>.<\/p>\n<\/div><\/section>\n","protected":false},"excerpt":{"rendered":"","protected":false},"author":3,"featured_media":0,"parent":0,"menu_order":0,"comment_status":"closed","ping_status":"closed","template":"","meta":{"footnotes":""},"class_list":["post-535","page","type-page","status-publish","hentry"],"yoast_head":"<!-- This site is optimized with the Yoast SEO plugin v27.4 - https:\/\/yoast.com\/product\/yoast-seo-wordpress\/ -->\n<title>Imprint - Michaela B\u00fcrger Consulting<\/title>\n<meta name=\"robots\" content=\"index, follow, max-snippet:-1, max-image-preview:large, max-video-preview:-1\" \/>\n<link rel=\"canonical\" href=\"https:\/\/mb-consulting.de\/en\/imprint\/\" \/>\n<meta property=\"og:locale\" content=\"en_US\" \/>\n<meta property=\"og:type\" content=\"article\" \/>\n<meta property=\"og:title\" content=\"Imprint - Michaela B\u00fcrger Consulting\" \/>\n<meta property=\"og:url\" content=\"https:\/\/mb-consulting.de\/en\/imprint\/\" \/>\n<meta property=\"og:site_name\" content=\"Michaela B\u00fcrger Consulting\" \/>\n<meta property=\"article:modified_time\" content=\"2024-11-13T14:00:09+00:00\" \/>\n<meta name=\"twitter:card\" content=\"summary_large_image\" \/>\n<meta name=\"twitter:label1\" content=\"Est. reading time\" \/>\n\t<meta name=\"twitter:data1\" content=\"3 minutes\" \/>\n<script type=\"application\/ld+json\" class=\"yoast-schema-graph\">{\"@context\":\"https:\\\/\\\/schema.org\",\"@graph\":[{\"@type\":\"WebPage\",\"@id\":\"https:\\\/\\\/mb-consulting.de\\\/en\\\/imprint\\\/\",\"url\":\"https:\\\/\\\/mb-consulting.de\\\/en\\\/imprint\\\/\",\"name\":\"Imprint - Michaela B\u00fcrger Consulting\",\"isPartOf\":{\"@id\":\"https:\\\/\\\/mb-consulting.de\\\/en\\\/#website\"},\"datePublished\":\"2020-10-08T13:34:58+00:00\",\"dateModified\":\"2024-11-13T14:00:09+00:00\",\"breadcrumb\":{\"@id\":\"https:\\\/\\\/mb-consulting.de\\\/en\\\/imprint\\\/#breadcrumb\"},\"inLanguage\":\"en-US\",\"potentialAction\":[{\"@type\":\"ReadAction\",\"target\":[\"https:\\\/\\\/mb-consulting.de\\\/en\\\/imprint\\\/\"]}]},{\"@type\":\"BreadcrumbList\",\"@id\":\"https:\\\/\\\/mb-consulting.de\\\/en\\\/imprint\\\/#breadcrumb\",\"itemListElement\":[{\"@type\":\"ListItem\",\"position\":1,\"name\":\"Startseite\",\"item\":\"https:\\\/\\\/mb-consulting.de\\\/en\\\/\"},{\"@type\":\"ListItem\",\"position\":2,\"name\":\"Imprint\"}]},{\"@type\":\"WebSite\",\"@id\":\"https:\\\/\\\/mb-consulting.de\\\/en\\\/#website\",\"url\":\"https:\\\/\\\/mb-consulting.de\\\/en\\\/\",\"name\":\"Michaela B\u00fcrger Consulting\",\"description\":\"Ihr Partner f\u00fcr eine ganzheitliche &amp; nachhaltige Talent- und F\u00fchrungskr\u00e4fte Entwicklung\",\"publisher\":{\"@id\":\"https:\\\/\\\/mb-consulting.de\\\/en\\\/#organization\"},\"potentialAction\":[{\"@type\":\"SearchAction\",\"target\":{\"@type\":\"EntryPoint\",\"urlTemplate\":\"https:\\\/\\\/mb-consulting.de\\\/en\\\/?s={search_term_string}\"},\"query-input\":{\"@type\":\"PropertyValueSpecification\",\"valueRequired\":true,\"valueName\":\"search_term_string\"}}],\"inLanguage\":\"en-US\"},{\"@type\":\"Organization\",\"@id\":\"https:\\\/\\\/mb-consulting.de\\\/en\\\/#organization\",\"name\":\"Michaela B\u00fcrger Consulting\",\"url\":\"https:\\\/\\\/mb-consulting.de\\\/en\\\/\",\"logo\":{\"@type\":\"ImageObject\",\"inLanguage\":\"en-US\",\"@id\":\"https:\\\/\\\/mb-consulting.de\\\/en\\\/#\\\/schema\\\/logo\\\/image\\\/\",\"url\":\"https:\\\/\\\/mb-consulting.de\\\/wp-content\\\/uploads\\\/2020\\\/10\\\/logo-mb_consulting-lowres.png\",\"contentUrl\":\"https:\\\/\\\/mb-consulting.de\\\/wp-content\\\/uploads\\\/2020\\\/10\\\/logo-mb_consulting-lowres.png\",\"width\":444,\"height\":156,\"caption\":\"Michaela B\u00fcrger Consulting\"},\"image\":{\"@id\":\"https:\\\/\\\/mb-consulting.de\\\/en\\\/#\\\/schema\\\/logo\\\/image\\\/\"}}]}<\/script>\n<!-- \/ Yoast SEO plugin. -->","yoast_head_json":{"title":"Imprint - Michaela B\u00fcrger Consulting","robots":{"index":"index","follow":"follow","max-snippet":"max-snippet:-1","max-image-preview":"max-image-preview:large","max-video-preview":"max-video-preview:-1"},"canonical":"https:\/\/mb-consulting.de\/en\/imprint\/","og_locale":"en_US","og_type":"article","og_title":"Imprint - Michaela B\u00fcrger Consulting","og_url":"https:\/\/mb-consulting.de\/en\/imprint\/","og_site_name":"Michaela B\u00fcrger Consulting","article_modified_time":"2024-11-13T14:00:09+00:00","twitter_card":"summary_large_image","twitter_misc":{"Est. reading time":"3 minutes"},"schema":{"@context":"https:\/\/schema.org","@graph":[{"@type":"WebPage","@id":"https:\/\/mb-consulting.de\/en\/imprint\/","url":"https:\/\/mb-consulting.de\/en\/imprint\/","name":"Imprint - Michaela B\u00fcrger Consulting","isPartOf":{"@id":"https:\/\/mb-consulting.de\/en\/#website"},"datePublished":"2020-10-08T13:34:58+00:00","dateModified":"2024-11-13T14:00:09+00:00","breadcrumb":{"@id":"https:\/\/mb-consulting.de\/en\/imprint\/#breadcrumb"},"inLanguage":"en-US","potentialAction":[{"@type":"ReadAction","target":["https:\/\/mb-consulting.de\/en\/imprint\/"]}]},{"@type":"BreadcrumbList","@id":"https:\/\/mb-consulting.de\/en\/imprint\/#breadcrumb","itemListElement":[{"@type":"ListItem","position":1,"name":"Startseite","item":"https:\/\/mb-consulting.de\/en\/"},{"@type":"ListItem","position":2,"name":"Imprint"}]},{"@type":"WebSite","@id":"https:\/\/mb-consulting.de\/en\/#website","url":"https:\/\/mb-consulting.de\/en\/","name":"Michaela B\u00fcrger Consulting","description":"Ihr Partner f\u00fcr eine ganzheitliche &amp; nachhaltige Talent- und F\u00fchrungskr\u00e4fte Entwicklung","publisher":{"@id":"https:\/\/mb-consulting.de\/en\/#organization"},"potentialAction":[{"@type":"SearchAction","target":{"@type":"EntryPoint","urlTemplate":"https:\/\/mb-consulting.de\/en\/?s={search_term_string}"},"query-input":{"@type":"PropertyValueSpecification","valueRequired":true,"valueName":"search_term_string"}}],"inLanguage":"en-US"},{"@type":"Organization","@id":"https:\/\/mb-consulting.de\/en\/#organization","name":"Michaela B\u00fcrger Consulting","url":"https:\/\/mb-consulting.de\/en\/","logo":{"@type":"ImageObject","inLanguage":"en-US","@id":"https:\/\/mb-consulting.de\/en\/#\/schema\/logo\/image\/","url":"https:\/\/mb-consulting.de\/wp-content\/uploads\/2020\/10\/logo-mb_consulting-lowres.png","contentUrl":"https:\/\/mb-consulting.de\/wp-content\/uploads\/2020\/10\/logo-mb_consulting-lowres.png","width":444,"height":156,"caption":"Michaela B\u00fcrger Consulting"},"image":{"@id":"https:\/\/mb-consulting.de\/en\/#\/schema\/logo\/image\/"}}]}},"_links":{"self":[{"href":"https:\/\/mb-consulting.de\/en\/wp-json\/wp\/v2\/pages\/535","targetHints":{"allow":["GET"]}}],"collection":[{"href":"https:\/\/mb-consulting.de\/en\/wp-json\/wp\/v2\/pages"}],"about":[{"href":"https:\/\/mb-consulting.de\/en\/wp-json\/wp\/v2\/types\/page"}],"author":[{"embeddable":true,"href":"https:\/\/mb-consulting.de\/en\/wp-json\/wp\/v2\/users\/3"}],"replies":[{"embeddable":true,"href":"https:\/\/mb-consulting.de\/en\/wp-json\/wp\/v2\/comments?post=535"}],"version-history":[{"count":25,"href":"https:\/\/mb-consulting.de\/en\/wp-json\/wp\/v2\/pages\/535\/revisions"}],"predecessor-version":[{"id":1987,"href":"https:\/\/mb-consulting.de\/en\/wp-json\/wp\/v2\/pages\/535\/revisions\/1987"}],"wp:attachment":[{"href":"https:\/\/mb-consulting.de\/en\/wp-json\/wp\/v2\/media?parent=535"}],"curies":[{"name":"wp","href":"https:\/\/api.w.org\/{rel}","templated":true}]}}